{"id":2,"date":"2024-01-07T20:29:16","date_gmt":"2024-01-07T19:29:16","guid":{"rendered":"http:\/\/de-sabbata.fr\/?page_id=2"},"modified":"2025-11-16T22:32:54","modified_gmt":"2025-11-16T21:32:54","slug":"page-d-exemple","status":"publish","type":"page","link":"https:\/\/de-sabbata.fr\/index.php\/page-d-exemple\/","title":{"rendered":"A Propos"},"content":{"rendered":"\n<figure class=\"wp-block-image aligncenter size-full\"><img loading=\"lazy\" decoding=\"async\" width=\"511\" height=\"511\" src=\"https:\/\/de-sabbata.fr\/wp-content\/uploads\/2025\/11\/Logo-CDS-Depannage.jpg\" alt=\"\" class=\"wp-image-26\" srcset=\"https:\/\/de-sabbata.fr\/wp-content\/uploads\/2025\/11\/Logo-CDS-Depannage.jpg 511w, https:\/\/de-sabbata.fr\/wp-content\/uploads\/2025\/11\/Logo-CDS-Depannage-300x300.jpg 300w, https:\/\/de-sabbata.fr\/wp-content\/uploads\/2025\/11\/Logo-CDS-Depannage-150x150.jpg 150w\" sizes=\"auto, (max-width: 511px) 100vw, 511px\" \/><\/figure>\n\n\n\n<p><\/p>\n\n\n\n<blockquote class=\"wp-block-quote is-layout-flow wp-block-quote-is-layout-flow\">\n<p>Bonjour\u00a0! <br>Je suis Christophe, Technicien de maintenance polyvalent.<br>Fort d&#8217;une exp\u00e9rience de plus de 30 ans, je serais \u00e0 m\u00eame de vous apporter une solution \u00e0 vos probl\u00e8mes li\u00e9s \u00e0 la maintenance de vos \u00e9quipements industriels.<br>Que ce soit par mes interventions directes ou par mes prestations de conseils.<\/p>\n<\/blockquote>\n\n\n\n<p><\/p>\n\n\n\n<p><\/p>\n","protected":false},"excerpt":{"rendered":"<p>Bonjour\u00a0! Je suis Christophe, Technicien de maintenance polyvalent.Fort d&#8217;une exp\u00e9rience de plus de 30 ans, je serais \u00e0 m\u00eame de vous apporter une solution \u00e0 vos probl\u00e8mes li\u00e9s \u00e0 la maintenance de vos \u00e9quipements industriels.Que ce soit par mes interventions directes ou par mes prestations de conseils.<\/p>\n","protected":false},"author":1,"featured_media":0,"parent":0,"menu_order":0,"comment_status":"closed","ping_status":"open","template":"","meta":{"footnotes":""},"class_list":["post-2","page","type-page","status-publish","hentry"],"_links":{"self":[{"href":"https:\/\/de-sabbata.fr\/index.php\/wp-json\/wp\/v2\/pages\/2","targetHints":{"allow":["GET"]}}],"collection":[{"href":"https:\/\/de-sabbata.fr\/index.php\/wp-json\/wp\/v2\/pages"}],"about":[{"href":"https:\/\/de-sabbata.fr\/index.php\/wp-json\/wp\/v2\/types\/page"}],"author":[{"embeddable":true,"href":"https:\/\/de-sabbata.fr\/index.php\/wp-json\/wp\/v2\/users\/1"}],"replies":[{"embeddable":true,"href":"https:\/\/de-sabbata.fr\/index.php\/wp-json\/wp\/v2\/comments?post=2"}],"version-history":[{"count":3,"href":"https:\/\/de-sabbata.fr\/index.php\/wp-json\/wp\/v2\/pages\/2\/revisions"}],"predecessor-version":[{"id":35,"href":"https:\/\/de-sabbata.fr\/index.php\/wp-json\/wp\/v2\/pages\/2\/revisions\/35"}],"wp:attachment":[{"href":"https:\/\/de-sabbata.fr\/index.php\/wp-json\/wp\/v2\/media?parent=2"}],"curies":[{"name":"wp","href":"https:\/\/api.w.org\/{rel}","templated":true}]}}